{"id":14,"date":"2020-12-08T19:14:27","date_gmt":"2020-12-08T19:14:27","guid":{"rendered":"https:\/\/spmgpc.ca\/contact\/"},"modified":"2021-02-20T08:44:38","modified_gmt":"2021-02-20T13:44:38","slug":"contact","status":"publish","type":"page","link":"https:\/\/spmgpc.ca\/en\/contact\/","title":{"rendered":"Contact us"},"content":{"rendered":"\n<div style=\"min-height:456px\" data-map-attr=\"\/qaddress\/q:\/q274 Main St S, Alexandria, ON K0C 1A0\/q||\/qlat\/q:\/qundefined\/q||\/qlng\/q:\/qundefined\/q||\/qskin\/q:\/qstandard\/q||\/qzoom\/q:\/q12\/q||\/qiconSize\/q:\/q36\/q||\/qmapTypeControl\/q:\/qtrue\/q||\/qzoomControl\/q:\/qtrue\/q||\/qstreetViewControl\/q:\/qtrue\/q||\/qfullscreenControl\/q:\/qtrue\/q\" class=\"wp-block-coblocks-map alignfull\"><iframe title=\"Google Map\" frameborder=\"0\" style=\"width:100%;min-height:456px\" src=\"https:\/\/www.google.com\/maps?q=274%20Main%20St%20S%2C%20Alexandria%2C%20ON%20K0C%201A0&output=embed&hl=fr-FR&z=12\"><\/iframe><\/div>\n\n\n\n<div class=\"wp-block-columns alignwide is-layout-flex wp-container-core-columns-is-layout-9d6595d7 wp-block-columns-is-layout-flex\">\n<div class=\"wp-block-column is-layout-flow wp-block-column-is-layout-flow\">\n<h4 class=\"wp-block-heading\">Comment pouvons-nous vous aider\u00a0?<\/h4>\n\n\n\n<p>Des questions\u00a0? Vous voulez discuter d\u2019un projet complexe? Appelez-nous! Nous veillons \u00e0 maintenir une communication constante avec nos clients jusqu\u2019\u00e0 l\u2019ach\u00e8vement du travail.<\/p>\n\n\n\n<h5 class=\"wp-block-heading\">Soci\u00e9t\u00e9 Professionnelle Martin Gauthier<\/h5>\n\n\n\n<p>274 Main St S, Alexandria, ON K0C 1A0<br>(613) 525-5222<\/p>\n\n\n\n<h5 class=\"wp-block-heading\">Horaires<\/h5>\n\n\n\n<p>Du lundi au vendredi\u00a0: 8h30 \u2013 midi \/ 13h \u2013 17h<br>Samedi \u2013 Dimanche\u00a0: Ferm\u00e9<\/p>\n<\/div>\n\n\n\n<div class=\"wp-block-column is-layout-flow wp-block-column-is-layout-flow\">\n\t\t<div class=\"coblocks-form\" id=\"46ebeb1b5e49e73053193c542f96b6ebb810add7\">\n\n\t\t\t\n\t\t\t<form action=\"https:\/\/spmgpc.ca\/en\/contact\/#46ebeb1b5e49e73053193c542f96b6ebb810add7\" method=\"post\">\n\t\t\t\t\n<label class=\"coblocks-label\">Nom<\/label>\n\t\t<input type=\"hidden\" name=\"field-nom[label]\" value=\"Nom\">\n\n\t\t\t\t<input type=\"hidden\" id=\"name-field-id\" name=\"name-field-id\" class=\"coblocks-name-field-id\" value=\"field-nom\" \/>\n\t\t\n\t\t<input type=\"text\" id=\"nom\" name=\"field-nom[value]\" class=\"coblocks-field coblocks-field--name\"  \/>\n\n\t\t\n\n<label class=\"coblocks-label\">Courriel <span class=\"required\">*<\/span><\/label>\n\t\t<input type=\"hidden\" name=\"field-courriel[label]\" value=\"Courriel\">\n\n\t\t\n\t\t<input type=\"hidden\" id=\"email-field-id\" name=\"email-field-id\" class=\"coblocks-email-field-id\" value=\"field-courriel\" \/>\n\t\t<input type=\"email\" id=\"courriel\" aria-label=\"Courriel\" name=\"field-courriel[value]\" class=\"coblocks-field coblocks-field--email\" required \/>\n\n\t\t\n\n<label class=\"coblocks-label\">Message <span class=\"required\">*<\/span><\/label>\n\t\t<input type=\"hidden\" name=\"field-message[label]\" value=\"Message\">\n\n\t\t\n\t\t<textarea name=\"field-message[value]\" aria-label=\"Message\" id=\"message\" class=\"coblocks-field coblocks-textarea\" rows=\"20\" required><\/textarea>\n\n\t\t\n\n\n\t\t<div class=\"coblocks-form__submit wp-block-button\">\n\t\t\t<button type=\"submit\" class=\"wp-block-button__link\" style=\"\">Contactez-nous<\/button>\n\t\t\t<input type=\"hidden\" id=\"form-submit\" name=\"form-submit\" value=\"ad8eacb31c\" \/><input type=\"hidden\" name=\"_wp_http_referer\" value=\"\/en\/wp-json\/wp\/v2\/pages\/14\" \/>\t\t\t<input type=\"hidden\" name=\"action\" value=\"coblocks-form-submit\">\n\n\t\t\t\t\t<\/div>\n\n\t\t\n\t\t\t\t<input class=\"coblocks-field verify\" aria-label=\"Enter your email address to verify\" type=\"email\" name=\"coblocks-verify-email\" autocomplete=\"off\" placeholder=\"Email\" tabindex=\"-1\">\n\t\t\t\t<input type=\"hidden\" name=\"form-hash\" value=\"46ebeb1b5e49e73053193c542f96b6ebb810add7\">\n\n\t\t\t\t\t\t\t<\/form>\n\n\t\t<\/div>\n\n\t\t\n\n\n<p><\/p>\n<\/div>\n<\/div>\n","protected":false},"excerpt":{"rendered":"<p>Comment pouvons-nous vous aider\u00a0? Des questions\u00a0? Vous voulez discuter d\u2019un projet complexe? Appelez-nous! Nous veillons \u00e0 maintenir une communication constante avec nos clients jusqu\u2019\u00e0 l\u2019ach\u00e8vement du travail. Soci\u00e9t\u00e9 Professionnelle Martin Gauthier 274 Main St S, Alexandria, ON K0C 1A0(613) 525-5222 Horaires Du lundi au vendredi\u00a0: 8h30 \u2013 midi \/ 13h \u2013 17hSamedi \u2013 Dimanche\u00a0: Ferm\u00e9<\/p>","protected":false},"author":1,"featured_media":0,"parent":0,"menu_order":0,"comment_status":"closed","ping_status":"closed","template":"","meta":{"_coblocks_attr":"","_coblocks_dimensions":"","_coblocks_responsive_height":"","_coblocks_accordion_ie_support":"","footnotes":""},"class_list":["post-14","page","type-page","status-publish","hentry"],"yoast_head":"<!-- This site is optimized with the Yoast SEO plugin v27.6 - https:\/\/yoast.com\/product\/yoast-seo-wordpress\/ -->\n<title>Nous joindre - Soci\u00e9t\u00e9 Professionnelle Martin Gauthier<\/title>\n<meta name=\"robots\" content=\"index, follow, max-snippet:-1, max-image-preview:large, max-video-preview:-1\" \/>\n<link rel=\"canonical\" href=\"https:\/\/spmgpc.ca\/en\/contact\/\" \/>\n<meta property=\"og:locale\" content=\"en_US\" \/>\n<meta property=\"og:type\" content=\"article\" \/>\n<meta property=\"og:title\" content=\"Nous joindre - Soci\u00e9t\u00e9 Professionnelle Martin Gauthier\" \/>\n<meta property=\"og:description\" content=\"Comment pouvons-nous vous aider\u00a0? Des questions\u00a0? Vous voulez discuter d\u2019un projet complexe? Appelez-nous! Nous veillons \u00e0 maintenir une communication constante avec nos clients jusqu\u2019\u00e0 l\u2019ach\u00e8vement du travail. Soci\u00e9t\u00e9 Professionnelle Martin Gauthier 274 Main St S, Alexandria, ON K0C 1A0(613) 525-5222 Horaires Du lundi au vendredi\u00a0: 8h30 \u2013 midi \/ 13h \u2013 17hSamedi \u2013 Dimanche\u00a0: Ferm\u00e9\" \/>\n<meta property=\"og:url\" content=\"https:\/\/spmgpc.ca\/en\/contact\/\" \/>\n<meta property=\"og:site_name\" content=\"Soci\u00e9t\u00e9 Professionnelle Martin Gauthier\" \/>\n<meta property=\"article:modified_time\" content=\"2021-02-20T13:44:38+00:00\" \/>\n<meta name=\"twitter:card\" content=\"summary_large_image\" \/>\n<meta name=\"twitter:label1\" content=\"Est. reading time\" \/>\n\t<meta name=\"twitter:data1\" content=\"1 minute\" \/>\n<script type=\"application\/ld+json\" class=\"yoast-schema-graph\">{\"@context\":\"https:\\\/\\\/schema.org\",\"@graph\":[{\"@type\":\"WebPage\",\"@id\":\"https:\\\/\\\/spmgpc.ca\\\/contact\\\/\",\"url\":\"https:\\\/\\\/spmgpc.ca\\\/contact\\\/\",\"name\":\"Nous joindre - Soci\u00e9t\u00e9 Professionnelle Martin Gauthier\",\"isPartOf\":{\"@id\":\"https:\\\/\\\/spmgpc.ca\\\/#website\"},\"datePublished\":\"2020-12-08T19:14:27+00:00\",\"dateModified\":\"2021-02-20T13:44:38+00:00\",\"breadcrumb\":{\"@id\":\"https:\\\/\\\/spmgpc.ca\\\/contact\\\/#breadcrumb\"},\"inLanguage\":\"en-CA\",\"potentialAction\":[{\"@type\":\"ReadAction\",\"target\":[\"https:\\\/\\\/spmgpc.ca\\\/contact\\\/\"]}]},{\"@type\":\"BreadcrumbList\",\"@id\":\"https:\\\/\\\/spmgpc.ca\\\/contact\\\/#breadcrumb\",\"itemListElement\":[{\"@type\":\"ListItem\",\"position\":1,\"name\":\"Home\",\"item\":\"https:\\\/\\\/spmgpc.ca\\\/\"},{\"@type\":\"ListItem\",\"position\":2,\"name\":\"Nous joindre\"}]},{\"@type\":\"WebSite\",\"@id\":\"https:\\\/\\\/spmgpc.ca\\\/#website\",\"url\":\"https:\\\/\\\/spmgpc.ca\\\/\",\"name\":\"Soci\u00e9t\u00e9 Professionnelle Martin Gauthier\",\"description\":\"\",\"publisher\":{\"@id\":\"https:\\\/\\\/spmgpc.ca\\\/#organization\"},\"potentialAction\":[{\"@type\":\"SearchAction\",\"target\":{\"@type\":\"EntryPoint\",\"urlTemplate\":\"https:\\\/\\\/spmgpc.ca\\\/?s={search_term_string}\"},\"query-input\":{\"@type\":\"PropertyValueSpecification\",\"valueRequired\":true,\"valueName\":\"search_term_string\"}}],\"inLanguage\":\"en-CA\"},{\"@type\":\"Organization\",\"@id\":\"https:\\\/\\\/spmgpc.ca\\\/#organization\",\"name\":\"Soci\u00e9t\u00e9 Professionnelle Martin Gauthier Professional Corporation\",\"url\":\"https:\\\/\\\/spmgpc.ca\\\/\",\"logo\":{\"@type\":\"ImageObject\",\"inLanguage\":\"en-CA\",\"@id\":\"https:\\\/\\\/spmgpc.ca\\\/#\\\/schema\\\/logo\\\/image\\\/\",\"url\":\"https:\\\/\\\/secureservercdn.net\\\/104.238.71.33\\\/ozn.551.myftpupload.com\\\/wp-content\\\/uploads\\\/2020\\\/12\\\/cropped-logo-only-3-e1608851320292.png?time=1634659839\",\"contentUrl\":\"https:\\\/\\\/secureservercdn.net\\\/104.238.71.33\\\/ozn.551.myftpupload.com\\\/wp-content\\\/uploads\\\/2020\\\/12\\\/cropped-logo-only-3-e1608851320292.png?time=1634659839\",\"width\":512,\"height\":512,\"caption\":\"Soci\u00e9t\u00e9 Professionnelle Martin Gauthier Professional Corporation\"},\"image\":{\"@id\":\"https:\\\/\\\/spmgpc.ca\\\/#\\\/schema\\\/logo\\\/image\\\/\"}}]}<\/script>\n<!-- \/ Yoast SEO plugin. -->","yoast_head_json":{"title":"Nous joindre - Soci\u00e9t\u00e9 Professionnelle Martin Gauthier","robots":{"index":"index","follow":"follow","max-snippet":"max-snippet:-1","max-image-preview":"max-image-preview:large","max-video-preview":"max-video-preview:-1"},"canonical":"https:\/\/spmgpc.ca\/en\/contact\/","og_locale":"en_US","og_type":"article","og_title":"Nous joindre - Soci\u00e9t\u00e9 Professionnelle Martin Gauthier","og_description":"Comment pouvons-nous vous aider\u00a0? Des questions\u00a0? Vous voulez discuter d\u2019un projet complexe? Appelez-nous! Nous veillons \u00e0 maintenir une communication constante avec nos clients jusqu\u2019\u00e0 l\u2019ach\u00e8vement du travail. Soci\u00e9t\u00e9 Professionnelle Martin Gauthier 274 Main St S, Alexandria, ON K0C 1A0(613) 525-5222 Horaires Du lundi au vendredi\u00a0: 8h30 \u2013 midi \/ 13h \u2013 17hSamedi \u2013 Dimanche\u00a0: Ferm\u00e9","og_url":"https:\/\/spmgpc.ca\/en\/contact\/","og_site_name":"Soci\u00e9t\u00e9 Professionnelle Martin Gauthier","article_modified_time":"2021-02-20T13:44:38+00:00","twitter_card":"summary_large_image","twitter_misc":{"Est. reading time":"1 minute"},"schema":{"@context":"https:\/\/schema.org","@graph":[{"@type":"WebPage","@id":"https:\/\/spmgpc.ca\/contact\/","url":"https:\/\/spmgpc.ca\/contact\/","name":"Nous joindre - Soci\u00e9t\u00e9 Professionnelle Martin Gauthier","isPartOf":{"@id":"https:\/\/spmgpc.ca\/#website"},"datePublished":"2020-12-08T19:14:27+00:00","dateModified":"2021-02-20T13:44:38+00:00","breadcrumb":{"@id":"https:\/\/spmgpc.ca\/contact\/#breadcrumb"},"inLanguage":"en-CA","potentialAction":[{"@type":"ReadAction","target":["https:\/\/spmgpc.ca\/contact\/"]}]},{"@type":"BreadcrumbList","@id":"https:\/\/spmgpc.ca\/contact\/#breadcrumb","itemListElement":[{"@type":"ListItem","position":1,"name":"Home","item":"https:\/\/spmgpc.ca\/"},{"@type":"ListItem","position":2,"name":"Nous joindre"}]},{"@type":"WebSite","@id":"https:\/\/spmgpc.ca\/#website","url":"https:\/\/spmgpc.ca\/","name":"Martin Gauthier Professional Corporation","description":"","publisher":{"@id":"https:\/\/spmgpc.ca\/#organization"},"potentialAction":[{"@type":"SearchAction","target":{"@type":"EntryPoint","urlTemplate":"https:\/\/spmgpc.ca\/?s={search_term_string}"},"query-input":{"@type":"PropertyValueSpecification","valueRequired":true,"valueName":"search_term_string"}}],"inLanguage":"en-CA"},{"@type":"Organization","@id":"https:\/\/spmgpc.ca\/#organization","name":"Soci\u00e9t\u00e9 Professionnelle Martin Gauthier Professional Corporation","url":"https:\/\/spmgpc.ca\/","logo":{"@type":"ImageObject","inLanguage":"en-CA","@id":"https:\/\/spmgpc.ca\/#\/schema\/logo\/image\/","url":"https:\/\/secureservercdn.net\/104.238.71.33\/ozn.551.myftpupload.com\/wp-content\/uploads\/2020\/12\/cropped-logo-only-3-e1608851320292.png?time=1634659839","contentUrl":"https:\/\/secureservercdn.net\/104.238.71.33\/ozn.551.myftpupload.com\/wp-content\/uploads\/2020\/12\/cropped-logo-only-3-e1608851320292.png?time=1634659839","width":512,"height":512,"caption":"Soci\u00e9t\u00e9 Professionnelle Martin Gauthier Professional Corporation"},"image":{"@id":"https:\/\/spmgpc.ca\/#\/schema\/logo\/image\/"}}]}},"_links":{"self":[{"href":"https:\/\/spmgpc.ca\/en\/wp-json\/wp\/v2\/pages\/14","targetHints":{"allow":["GET"]}}],"collection":[{"href":"https:\/\/spmgpc.ca\/en\/wp-json\/wp\/v2\/pages"}],"about":[{"href":"https:\/\/spmgpc.ca\/en\/wp-json\/wp\/v2\/types\/page"}],"author":[{"embeddable":true,"href":"https:\/\/spmgpc.ca\/en\/wp-json\/wp\/v2\/users\/1"}],"replies":[{"embeddable":true,"href":"https:\/\/spmgpc.ca\/en\/wp-json\/wp\/v2\/comments?post=14"}],"version-history":[{"count":10,"href":"https:\/\/spmgpc.ca\/en\/wp-json\/wp\/v2\/pages\/14\/revisions"}],"predecessor-version":[{"id":241,"href":"https:\/\/spmgpc.ca\/en\/wp-json\/wp\/v2\/pages\/14\/revisions\/241"}],"wp:attachment":[{"href":"https:\/\/spmgpc.ca\/en\/wp-json\/wp\/v2\/media?parent=14"}],"curies":[{"name":"wp","href":"https:\/\/api.w.org\/{rel}","templated":true}]}}