{"id":13,"date":"2020-12-08T19:14:27","date_gmt":"2020-12-08T19:14:27","guid":{"rendered":"https:\/\/spmgpc.ca\/services\/"},"modified":"2021-02-20T08:54:54","modified_gmt":"2021-02-20T13:54:54","slug":"services","status":"publish","type":"page","link":"https:\/\/spmgpc.ca\/en\/services\/","title":{"rendered":"Services"},"content":{"rendered":"<div class=\"wp-block-cover alignfull has-background-dim is-style-default\" style=\"background-image:url(https:\/\/spmgpc.ca\/wp-content\/uploads\/2020\/12\/qtq80-JBybMs.jpeg);min-height:550px;aspect-ratio:unset;\"><div class=\"wp-block-cover__inner-container is-layout-flow wp-block-cover-is-layout-flow\">\n<p class=\"has-text-align-center has-large-font-size\"><\/p>\n<\/div><\/div>\n\n\n\n<p><\/p>\n\n\n\n<h2 class=\"wp-block-heading\">Bookkeeping<\/h2>\n\n\n\n<p>Nous offrons un service cl\u00e9 en main d\u2019entr\u00e9e de donn\u00e9es dans les syst\u00e8mes comptables et la gestion de votre paye. Nous produisons aussi pour vous les retours de taxes \u00e0 la consommation. <\/p>\n\n\n\n<h2 class=\"wp-block-heading\">Taxation<\/h2>\n\n\n\n<p>Whether you are employed or self-employed, you can take advantage of our expertise in the preparation of your personal tax return. We will minimize your tax burden and make sure that you get all the tax benefits available. <\/p>\n\n\n\n<p>In the event of death, the liquidators of an estate are left with a great deal of responsibilities and obligations. Together with your lawyer, we will offer you a turnkey service, which means that you will benefit from personalised assistance at all stages of the process. We will ensure to bring your tax burden to a minimum. We also complete tax returns for all types of trusts.<\/p>\n\n\n\n<h2 class=\"wp-block-heading\">Compilation d\u2019\u00e9tats financiers<\/h2>\n\n\n\n<p>A compilation engagement is an engagement in which a practitioner assists management in the preparation of the compiled financial information and attaches a compilation engagement report. The financial information, including the accuracy and completeness of the underlying information used in its compilation, and the selection of the basis of accounting, rests with management. <\/p>\n\n\n\n<h2 class=\"wp-block-heading\">Consulting<\/h2>\n\n\n\n<p>We provide services for the design of business plans, the preparation of financial projections and forecasts, cost-benefit studies, the preparation of operating budgets and financing plans.<\/p>\n\n\n\n<p>At any time, a business may be required to find sources of external financing in order to initiate new projects or expand. We are able to analyze your financing needs and guide you in your dealings with financial institutions.<\/p>\n\n\n\n<p>We are also able to analyze your current situation and help you develop strategies that will allow you to achieve your short, medium and long term goals.<\/p>\n\n\n\n<div class=\"wp-block-buttons aligncenter is-layout-flex wp-block-buttons-is-layout-flex\">\n<div class=\"wp-block-button is-style-outline is-style-outline--1\"><a class=\"wp-block-button__link has-white-background-color has-text-color has-background\" href=\"https:\/\/spmgpc.ca\/en\/contact\/\" style=\"border-radius:50px;color:#1953b0\">Contact us<\/a><\/div>\n<\/div>\n\n\n\n<p><\/p>","protected":false},"excerpt":{"rendered":"<p>Tenue de livre Nous offrons un service cl\u00e9 en main d\u2019entr\u00e9e de donn\u00e9es dans les syst\u00e8mes comptables et la gestion de votre paye. Nous produisons aussi pour vous les retours de taxes \u00e0 la consommation. Fiscalit\u00e9 Que vous soyez salari\u00e9 ou travailleur autonome, nous sommes en mesure d\u2019offrir notre expertise en ce qui a trait \u00e0 la pr\u00e9paration de votre [&hellip;]<\/p>\n","protected":false},"author":1,"featured_media":0,"parent":0,"menu_order":0,"comment_status":"closed","ping_status":"closed","template":"","meta":{"_coblocks_attr":"","_coblocks_dimensions":"","_coblocks_responsive_height":"","_coblocks_accordion_ie_support":"","footnotes":""},"class_list":["post-13","page","type-page","status-publish","hentry"],"yoast_head":"<!-- This site is optimized with the Yoast SEO plugin v27.6 - https:\/\/yoast.com\/product\/yoast-seo-wordpress\/ -->\n<title>Services - Soci\u00e9t\u00e9 Professionnelle Martin Gauthier<\/title>\n<meta name=\"robots\" content=\"index, follow, max-snippet:-1, max-image-preview:large, max-video-preview:-1\" \/>\n<link rel=\"canonical\" href=\"https:\/\/spmgpc.ca\/en\/services\/\" \/>\n<meta property=\"og:locale\" content=\"en_US\" \/>\n<meta property=\"og:type\" content=\"article\" \/>\n<meta property=\"og:title\" content=\"Services - Soci\u00e9t\u00e9 Professionnelle Martin Gauthier\" \/>\n<meta property=\"og:description\" content=\"Tenue de livre Nous offrons un service cl\u00e9 en main d\u2019entr\u00e9e de donn\u00e9es dans les syst\u00e8mes comptables et la gestion de votre paye. Nous produisons aussi pour vous les retours de taxes \u00e0 la consommation. Fiscalit\u00e9 Que vous soyez salari\u00e9 ou travailleur autonome, nous sommes en mesure d\u2019offrir notre expertise en ce qui a trait \u00e0 la pr\u00e9paration de votre [&hellip;]\" \/>\n<meta property=\"og:url\" content=\"https:\/\/spmgpc.ca\/en\/services\/\" \/>\n<meta property=\"og:site_name\" content=\"Soci\u00e9t\u00e9 Professionnelle Martin Gauthier\" \/>\n<meta property=\"article:modified_time\" content=\"2021-02-20T13:54:54+00:00\" \/>\n<meta name=\"twitter:card\" content=\"summary_large_image\" \/>\n<meta name=\"twitter:label1\" content=\"Est. reading time\" \/>\n\t<meta name=\"twitter:data1\" content=\"2 minutes\" \/>\n<script type=\"application\/ld+json\" class=\"yoast-schema-graph\">{\"@context\":\"https:\\\/\\\/schema.org\",\"@graph\":[{\"@type\":\"WebPage\",\"@id\":\"https:\\\/\\\/spmgpc.ca\\\/services\\\/\",\"url\":\"https:\\\/\\\/spmgpc.ca\\\/services\\\/\",\"name\":\"Services - Soci\u00e9t\u00e9 Professionnelle Martin Gauthier\",\"isPartOf\":{\"@id\":\"https:\\\/\\\/spmgpc.ca\\\/#website\"},\"datePublished\":\"2020-12-08T19:14:27+00:00\",\"dateModified\":\"2021-02-20T13:54:54+00:00\",\"breadcrumb\":{\"@id\":\"https:\\\/\\\/spmgpc.ca\\\/services\\\/#breadcrumb\"},\"inLanguage\":\"en-CA\",\"potentialAction\":[{\"@type\":\"ReadAction\",\"target\":[\"https:\\\/\\\/spmgpc.ca\\\/services\\\/\"]}]},{\"@type\":\"BreadcrumbList\",\"@id\":\"https:\\\/\\\/spmgpc.ca\\\/services\\\/#breadcrumb\",\"itemListElement\":[{\"@type\":\"ListItem\",\"position\":1,\"name\":\"Home\",\"item\":\"https:\\\/\\\/spmgpc.ca\\\/\"},{\"@type\":\"ListItem\",\"position\":2,\"name\":\"Services\"}]},{\"@type\":\"WebSite\",\"@id\":\"https:\\\/\\\/spmgpc.ca\\\/#website\",\"url\":\"https:\\\/\\\/spmgpc.ca\\\/\",\"name\":\"Soci\u00e9t\u00e9 Professionnelle Martin Gauthier\",\"description\":\"\",\"publisher\":{\"@id\":\"https:\\\/\\\/spmgpc.ca\\\/#organization\"},\"potentialAction\":[{\"@type\":\"SearchAction\",\"target\":{\"@type\":\"EntryPoint\",\"urlTemplate\":\"https:\\\/\\\/spmgpc.ca\\\/?s={search_term_string}\"},\"query-input\":{\"@type\":\"PropertyValueSpecification\",\"valueRequired\":true,\"valueName\":\"search_term_string\"}}],\"inLanguage\":\"en-CA\"},{\"@type\":\"Organization\",\"@id\":\"https:\\\/\\\/spmgpc.ca\\\/#organization\",\"name\":\"Soci\u00e9t\u00e9 Professionnelle Martin Gauthier Professional Corporation\",\"url\":\"https:\\\/\\\/spmgpc.ca\\\/\",\"logo\":{\"@type\":\"ImageObject\",\"inLanguage\":\"en-CA\",\"@id\":\"https:\\\/\\\/spmgpc.ca\\\/#\\\/schema\\\/logo\\\/image\\\/\",\"url\":\"https:\\\/\\\/secureservercdn.net\\\/104.238.71.33\\\/ozn.551.myftpupload.com\\\/wp-content\\\/uploads\\\/2020\\\/12\\\/cropped-logo-only-3-e1608851320292.png?time=1634659839\",\"contentUrl\":\"https:\\\/\\\/secureservercdn.net\\\/104.238.71.33\\\/ozn.551.myftpupload.com\\\/wp-content\\\/uploads\\\/2020\\\/12\\\/cropped-logo-only-3-e1608851320292.png?time=1634659839\",\"width\":512,\"height\":512,\"caption\":\"Soci\u00e9t\u00e9 Professionnelle Martin Gauthier Professional Corporation\"},\"image\":{\"@id\":\"https:\\\/\\\/spmgpc.ca\\\/#\\\/schema\\\/logo\\\/image\\\/\"}}]}<\/script>\n<!-- \/ Yoast SEO plugin. -->","yoast_head_json":{"title":"Services - Soci\u00e9t\u00e9 Professionnelle Martin Gauthier","robots":{"index":"index","follow":"follow","max-snippet":"max-snippet:-1","max-image-preview":"max-image-preview:large","max-video-preview":"max-video-preview:-1"},"canonical":"https:\/\/spmgpc.ca\/en\/services\/","og_locale":"en_US","og_type":"article","og_title":"Services - Soci\u00e9t\u00e9 Professionnelle Martin Gauthier","og_description":"Tenue de livre Nous offrons un service cl\u00e9 en main d\u2019entr\u00e9e de donn\u00e9es dans les syst\u00e8mes comptables et la gestion de votre paye. Nous produisons aussi pour vous les retours de taxes \u00e0 la consommation. Fiscalit\u00e9 Que vous soyez salari\u00e9 ou travailleur autonome, nous sommes en mesure d\u2019offrir notre expertise en ce qui a trait \u00e0 la pr\u00e9paration de votre [&hellip;]","og_url":"https:\/\/spmgpc.ca\/en\/services\/","og_site_name":"Soci\u00e9t\u00e9 Professionnelle Martin Gauthier","article_modified_time":"2021-02-20T13:54:54+00:00","twitter_card":"summary_large_image","twitter_misc":{"Est. reading time":"2 minutes"},"schema":{"@context":"https:\/\/schema.org","@graph":[{"@type":"WebPage","@id":"https:\/\/spmgpc.ca\/services\/","url":"https:\/\/spmgpc.ca\/services\/","name":"Services - Soci\u00e9t\u00e9 Professionnelle Martin Gauthier","isPartOf":{"@id":"https:\/\/spmgpc.ca\/#website"},"datePublished":"2020-12-08T19:14:27+00:00","dateModified":"2021-02-20T13:54:54+00:00","breadcrumb":{"@id":"https:\/\/spmgpc.ca\/services\/#breadcrumb"},"inLanguage":"en-CA","potentialAction":[{"@type":"ReadAction","target":["https:\/\/spmgpc.ca\/services\/"]}]},{"@type":"BreadcrumbList","@id":"https:\/\/spmgpc.ca\/services\/#breadcrumb","itemListElement":[{"@type":"ListItem","position":1,"name":"Home","item":"https:\/\/spmgpc.ca\/"},{"@type":"ListItem","position":2,"name":"Services"}]},{"@type":"WebSite","@id":"https:\/\/spmgpc.ca\/#website","url":"https:\/\/spmgpc.ca\/","name":"Martin Gauthier Professional Corporation","description":"","publisher":{"@id":"https:\/\/spmgpc.ca\/#organization"},"potentialAction":[{"@type":"SearchAction","target":{"@type":"EntryPoint","urlTemplate":"https:\/\/spmgpc.ca\/?s={search_term_string}"},"query-input":{"@type":"PropertyValueSpecification","valueRequired":true,"valueName":"search_term_string"}}],"inLanguage":"en-CA"},{"@type":"Organization","@id":"https:\/\/spmgpc.ca\/#organization","name":"Soci\u00e9t\u00e9 Professionnelle Martin Gauthier Professional Corporation","url":"https:\/\/spmgpc.ca\/","logo":{"@type":"ImageObject","inLanguage":"en-CA","@id":"https:\/\/spmgpc.ca\/#\/schema\/logo\/image\/","url":"https:\/\/secureservercdn.net\/104.238.71.33\/ozn.551.myftpupload.com\/wp-content\/uploads\/2020\/12\/cropped-logo-only-3-e1608851320292.png?time=1634659839","contentUrl":"https:\/\/secureservercdn.net\/104.238.71.33\/ozn.551.myftpupload.com\/wp-content\/uploads\/2020\/12\/cropped-logo-only-3-e1608851320292.png?time=1634659839","width":512,"height":512,"caption":"Soci\u00e9t\u00e9 Professionnelle Martin Gauthier Professional Corporation"},"image":{"@id":"https:\/\/spmgpc.ca\/#\/schema\/logo\/image\/"}}]}},"_links":{"self":[{"href":"https:\/\/spmgpc.ca\/en\/wp-json\/wp\/v2\/pages\/13","targetHints":{"allow":["GET"]}}],"collection":[{"href":"https:\/\/spmgpc.ca\/en\/wp-json\/wp\/v2\/pages"}],"about":[{"href":"https:\/\/spmgpc.ca\/en\/wp-json\/wp\/v2\/types\/page"}],"author":[{"embeddable":true,"href":"https:\/\/spmgpc.ca\/en\/wp-json\/wp\/v2\/users\/1"}],"replies":[{"embeddable":true,"href":"https:\/\/spmgpc.ca\/en\/wp-json\/wp\/v2\/comments?post=13"}],"version-history":[{"count":15,"href":"https:\/\/spmgpc.ca\/en\/wp-json\/wp\/v2\/pages\/13\/revisions"}],"predecessor-version":[{"id":243,"href":"https:\/\/spmgpc.ca\/en\/wp-json\/wp\/v2\/pages\/13\/revisions\/243"}],"wp:attachment":[{"href":"https:\/\/spmgpc.ca\/en\/wp-json\/wp\/v2\/media?parent=13"}],"curies":[{"name":"wp","href":"https:\/\/api.w.org\/{rel}","templated":true}]}}