{"id":10,"date":"2020-12-08T19:14:26","date_gmt":"2020-12-08T19:14:26","guid":{"rendered":"https:\/\/spmgpc.ca\/home\/"},"modified":"2023-09-26T10:37:25","modified_gmt":"2023-09-26T14:37:25","slug":"home","status":"publish","type":"page","link":"https:\/\/spmgpc.ca\/en\/","title":{"rendered":"Accueil"},"content":{"rendered":"<div class=\"wp-block-cover alignfull is-light is-position-center-center is-style-default\" style=\"min-height:475px;aspect-ratio:unset;\"><span aria-hidden=\"true\" class=\"wp-block-cover__background has-black-background-color has-background-dim-0 has-background-dim\"><\/span><img decoding=\"async\" width=\"2560\" height=\"1707\" class=\"wp-block-cover__image-background wp-image-198\" alt=\"\" src=\"https:\/\/spmgpc.ca\/wp-content\/uploads\/2020\/12\/pexels-irina-iriser-1435571-scaled.jpg\" style=\"object-position:50% 100%\" data-object-fit=\"cover\" data-object-position=\"50% 100%\" srcset=\"https:\/\/spmgpc.ca\/wp-content\/uploads\/2020\/12\/pexels-irina-iriser-1435571-scaled.jpg 2560w, https:\/\/spmgpc.ca\/wp-content\/uploads\/2020\/12\/pexels-irina-iriser-1435571-300x200.jpg 300w, https:\/\/spmgpc.ca\/wp-content\/uploads\/2020\/12\/pexels-irina-iriser-1435571-1024x683.jpg 1024w, https:\/\/spmgpc.ca\/wp-content\/uploads\/2020\/12\/pexels-irina-iriser-1435571-768x512.jpg 768w, https:\/\/spmgpc.ca\/wp-content\/uploads\/2020\/12\/pexels-irina-iriser-1435571-1536x1024.jpg 1536w, https:\/\/spmgpc.ca\/wp-content\/uploads\/2020\/12\/pexels-irina-iriser-1435571-2048x1365.jpg 2048w\" sizes=\"(max-width: 2560px) 100vw, 2560px\" \/><div class=\"wp-block-cover__inner-container is-layout-flow wp-block-cover-is-layout-flow\">\n<p><\/p>\n<\/div><\/div>\n\n\n\n<div style=\"height:27px\" aria-hidden=\"true\" class=\"wp-block-spacer\"><\/div>\n\n\n\n<div class=\"wp-block-group alignwide\"><div class=\"wp-block-group__inner-container is-layout-flow wp-block-group-is-layout-flow\">\n<div class=\"wp-block-columns alignwide are-vertically-aligned-top is-layout-flex wp-container-core-columns-is-layout-9d6595d7 wp-block-columns-is-layout-flex\">\n<div class=\"wp-block-column is-vertically-aligned-top is-layout-flow wp-block-column-is-layout-flow\">\n<p class=\"has-text-align-center has-black-color has-text-color\">We offer a wide range of services such as financial accounting, tax preparation, consulting and bookkeeping. We want to offer full range of services adapted to your needs.<\/p>\n\n\n\n<div class=\"wp-block-buttons is-horizontal is-content-justification-center is-layout-flex wp-container-core-buttons-is-layout-499968f5 wp-block-buttons-is-layout-flex\">\n<div class=\"wp-block-button is-style-outline is-style-outline--1\"><a class=\"wp-block-button__link has-text-color wp-element-button\" href=\"https:\/\/spmgpc.ca\/en\/?page_id=13\" style=\"border-radius:50px;color:#1953b0\" rel=\"https:\/\/spmgpc.ca\/en\/?page_id=13\">See our services<\/a><\/div>\n<\/div>\n\n\n\n<p><\/p>\n<\/div>\n\n\n\n<div class=\"wp-block-column is-vertically-aligned-top is-layout-flow wp-block-column-is-layout-flow\">\n<p class=\"has-text-align-center has-black-color has-text-color\">Nous desservons principalement la communaut\u00e9 d\u2019Alexandria et de l\u2019Est ontarien. Nos outils en ligne s\u00e9curis\u00e9s facilitent la communication et la transmission d\u2019informations.<\/p>\n\n\n\n<div class=\"wp-block-buttons alignwide is-horizontal is-content-justification-center is-layout-flex wp-container-core-buttons-is-layout-499968f5 wp-block-buttons-is-layout-flex\">\n<div class=\"wp-block-button is-style-outline is-style-outline--2\"><a class=\"wp-block-button__link has-text-color wp-element-button\" href=\"https:\/\/spmgpc.ca\/en\/?page_id=14\" style=\"border-radius:50px;color:#1953b0\" rel=\"https:\/\/spmgpc.ca\/en\/?page_id=14\">Contact us<\/a><\/div>\n<\/div>\n<\/div>\n<\/div>\n\n\n\n<p><\/p>\n<\/div><\/div>\n\n\n\n<div class=\"wp-block-columns are-vertically-aligned-center is-layout-flex wp-container-core-columns-is-layout-9d6595d7 wp-block-columns-is-layout-flex\">\n<div class=\"wp-block-column is-vertically-aligned-center is-layout-flow wp-block-column-is-layout-flow\" style=\"flex-basis:33.33%\">\n<p><\/p>\n\n\n\n<h3 class=\"wp-block-heading has-text-align-center has-black-color has-text-color\">En comptant sur plus d\u2019une quinzaine d\u2019ann\u00e9es d\u2019exp\u00e9rience au service d\u2019une client\u00e8le vari\u00e9e de particuliers et de petites et moyennes entreprises, ma mission est de fournir un service \u00e0 la client\u00e8le personnalis\u00e9, fiable et de demeurer un partenaire engag\u00e9 dans vos d\u00e9cisions d\u2019affaires.<\/h3>\n\n\n\n<p><\/p>\n<\/div>\n\n\n\n<div class=\"wp-block-column is-vertically-aligned-center is-layout-flow wp-block-column-is-layout-flow\" style=\"flex-basis:66.66%\">\n<figure class=\"wp-block-image size-large is-resized is-style-default has-filter-saturation\"><img decoding=\"async\" src=\"https:\/\/spmgpc.ca\/wp-content\/uploads\/2020\/12\/GAUTHIER_MARTIN_DSC_3326-5-683x1024.jpg\" alt=\"\" class=\"wp-image-68\" style=\"object-fit:contain;width:730px;height:1095px\" width=\"730\" height=\"1095\" srcset=\"https:\/\/spmgpc.ca\/wp-content\/uploads\/2020\/12\/GAUTHIER_MARTIN_DSC_3326-5-683x1024.jpg 683w, https:\/\/spmgpc.ca\/wp-content\/uploads\/2020\/12\/GAUTHIER_MARTIN_DSC_3326-5-200x300.jpg 200w, https:\/\/spmgpc.ca\/wp-content\/uploads\/2020\/12\/GAUTHIER_MARTIN_DSC_3326-5-768x1152.jpg 768w, https:\/\/spmgpc.ca\/wp-content\/uploads\/2020\/12\/GAUTHIER_MARTIN_DSC_3326-5-1024x1536.jpg 1024w, https:\/\/spmgpc.ca\/wp-content\/uploads\/2020\/12\/GAUTHIER_MARTIN_DSC_3326-5-1366x2048.jpg 1366w, https:\/\/spmgpc.ca\/wp-content\/uploads\/2020\/12\/GAUTHIER_MARTIN_DSC_3326-5-scaled.jpg 1707w\" sizes=\"(max-width: 730px) 100vw, 730px\" \/><figcaption class=\"wp-element-caption\">Martin Gauthier CPA<\/figcaption><\/figure>\n<\/div>\n<\/div>\n\n\n\n<div style=\"min-height:400px\" data-map-attr=\"\/qaddress\/q:\/q274 Main St S, Alexandria, ON K0C 1A0\/q||\/qlat\/q:\/qundefined\/q||\/qlng\/q:\/qundefined\/q||\/qskin\/q:\/qstandard\/q||\/qzoom\/q:\/q12\/q||\/qiconSize\/q:\/q36\/q||\/qmapTypeControl\/q:\/qtrue\/q||\/qzoomControl\/q:\/qtrue\/q||\/qstreetViewControl\/q:\/qtrue\/q||\/qfullscreenControl\/q:\/qtrue\/q\" class=\"wp-block-coblocks-map\"><iframe title=\"Google Map\" frameborder=\"0\" style=\"width:100%;min-height:400px\" src=\"https:\/\/www.google.com\/maps?q=274%20Main%20St%20S%2C%20Alexandria%2C%20ON%20K0C%201A0&output=embed&hl=en-US&z=12\"><\/iframe><\/div>\n\n\n\n<p><\/p>","protected":false},"excerpt":{"rendered":"<p>Nous offrons une vari\u00e9t\u00e9 de services tels que la comptabilit\u00e9 financi\u00e8re, la fiscalit\u00e9, le service-conseil et la tenue de livre. Nous voulons vous offrir un service adapt\u00e9 \u00e0 vos besoins. Nous desservons principalement la communaut\u00e9 d\u2019Alexandria et de l\u2019Est ontarien. Nos outils en ligne s\u00e9curis\u00e9s facilitent la communication et la transmission d\u2019informations. En comptant sur plus d\u2019une quinzaine d\u2019ann\u00e9es d\u2019exp\u00e9rience [&hellip;]<\/p>\n","protected":false},"author":1,"featured_media":0,"parent":0,"menu_order":0,"comment_status":"closed","ping_status":"closed","template":"","meta":{"_coblocks_attr":"Georgia,,Cormorant Garamond","_coblocks_dimensions":"","_coblocks_responsive_height":"","_coblocks_accordion_ie_support":"","footnotes":""},"class_list":["post-10","page","type-page","status-publish","hentry"],"yoast_head":"<!-- This site is optimized with the Yoast SEO plugin v27.6 - https:\/\/yoast.com\/product\/yoast-seo-wordpress\/ -->\n<title>Accueil - Soci\u00e9t\u00e9 Professionnelle Martin Gauthier<\/title>\n<meta name=\"robots\" content=\"index, follow, max-snippet:-1, max-image-preview:large, max-video-preview:-1\" \/>\n<link rel=\"canonical\" href=\"https:\/\/spmgpc.ca\/en\/\" \/>\n<meta property=\"og:locale\" content=\"en_US\" \/>\n<meta property=\"og:type\" content=\"article\" \/>\n<meta property=\"og:title\" content=\"Accueil - Soci\u00e9t\u00e9 Professionnelle Martin Gauthier\" \/>\n<meta property=\"og:description\" content=\"Nous offrons une vari\u00e9t\u00e9 de services tels que la comptabilit\u00e9 financi\u00e8re, la fiscalit\u00e9, le service-conseil et la tenue de livre. Nous voulons vous offrir un service adapt\u00e9 \u00e0 vos besoins. Nous desservons principalement la communaut\u00e9 d\u2019Alexandria et de l\u2019Est ontarien. Nos outils en ligne s\u00e9curis\u00e9s facilitent la communication et la transmission d\u2019informations. En comptant sur plus d\u2019une quinzaine d\u2019ann\u00e9es d\u2019exp\u00e9rience [&hellip;]\" \/>\n<meta property=\"og:url\" content=\"https:\/\/spmgpc.ca\/en\/\" \/>\n<meta property=\"og:site_name\" content=\"Soci\u00e9t\u00e9 Professionnelle Martin Gauthier\" \/>\n<meta property=\"article:modified_time\" content=\"2023-09-26T14:37:25+00:00\" \/>\n<meta property=\"og:image\" content=\"https:\/\/spmgpc.ca\/wp-content\/uploads\/2020\/12\/pexels-irina-iriser-1435571-scaled.jpg\" \/>\n<meta name=\"twitter:card\" content=\"summary_large_image\" \/>\n<meta name=\"twitter:label1\" content=\"Est. reading time\" \/>\n\t<meta name=\"twitter:data1\" content=\"1 minute\" \/>\n<script type=\"application\/ld+json\" class=\"yoast-schema-graph\">{\"@context\":\"https:\\\/\\\/schema.org\",\"@graph\":[{\"@type\":\"WebPage\",\"@id\":\"https:\\\/\\\/spmgpc.ca\\\/\",\"url\":\"https:\\\/\\\/spmgpc.ca\\\/\",\"name\":\"Accueil - Soci\u00e9t\u00e9 Professionnelle Martin Gauthier\",\"isPartOf\":{\"@id\":\"https:\\\/\\\/spmgpc.ca\\\/#website\"},\"primaryImageOfPage\":{\"@id\":\"https:\\\/\\\/spmgpc.ca\\\/#primaryimage\"},\"image\":{\"@id\":\"https:\\\/\\\/spmgpc.ca\\\/#primaryimage\"},\"thumbnailUrl\":\"https:\\\/\\\/spmgpc.ca\\\/wp-content\\\/uploads\\\/2020\\\/12\\\/pexels-irina-iriser-1435571-scaled.jpg\",\"datePublished\":\"2020-12-08T19:14:26+00:00\",\"dateModified\":\"2023-09-26T14:37:25+00:00\",\"breadcrumb\":{\"@id\":\"https:\\\/\\\/spmgpc.ca\\\/#breadcrumb\"},\"inLanguage\":\"en-CA\",\"potentialAction\":[{\"@type\":\"ReadAction\",\"target\":[\"https:\\\/\\\/spmgpc.ca\\\/\"]}]},{\"@type\":\"ImageObject\",\"inLanguage\":\"en-CA\",\"@id\":\"https:\\\/\\\/spmgpc.ca\\\/#primaryimage\",\"url\":\"https:\\\/\\\/spmgpc.ca\\\/wp-content\\\/uploads\\\/2020\\\/12\\\/pexels-irina-iriser-1435571-scaled.jpg\",\"contentUrl\":\"https:\\\/\\\/spmgpc.ca\\\/wp-content\\\/uploads\\\/2020\\\/12\\\/pexels-irina-iriser-1435571-scaled.jpg\"},{\"@type\":\"BreadcrumbList\",\"@id\":\"https:\\\/\\\/spmgpc.ca\\\/#breadcrumb\",\"itemListElement\":[{\"@type\":\"ListItem\",\"position\":1,\"name\":\"Home\",\"item\":\"https:\\\/\\\/spmgpc.ca\\\/\"},{\"@type\":\"ListItem\",\"position\":2,\"name\":\"Accueil\"}]},{\"@type\":\"WebSite\",\"@id\":\"https:\\\/\\\/spmgpc.ca\\\/#website\",\"url\":\"https:\\\/\\\/spmgpc.ca\\\/\",\"name\":\"Soci\u00e9t\u00e9 Professionnelle Martin Gauthier\",\"description\":\"\",\"publisher\":{\"@id\":\"https:\\\/\\\/spmgpc.ca\\\/#organization\"},\"potentialAction\":[{\"@type\":\"SearchAction\",\"target\":{\"@type\":\"EntryPoint\",\"urlTemplate\":\"https:\\\/\\\/spmgpc.ca\\\/?s={search_term_string}\"},\"query-input\":{\"@type\":\"PropertyValueSpecification\",\"valueRequired\":true,\"valueName\":\"search_term_string\"}}],\"inLanguage\":\"en-CA\"},{\"@type\":\"Organization\",\"@id\":\"https:\\\/\\\/spmgpc.ca\\\/#organization\",\"name\":\"Soci\u00e9t\u00e9 Professionnelle Martin Gauthier Professional Corporation\",\"url\":\"https:\\\/\\\/spmgpc.ca\\\/\",\"logo\":{\"@type\":\"ImageObject\",\"inLanguage\":\"en-CA\",\"@id\":\"https:\\\/\\\/spmgpc.ca\\\/#\\\/schema\\\/logo\\\/image\\\/\",\"url\":\"https:\\\/\\\/secureservercdn.net\\\/104.238.71.33\\\/ozn.551.myftpupload.com\\\/wp-content\\\/uploads\\\/2020\\\/12\\\/cropped-logo-only-3-e1608851320292.png?time=1634659839\",\"contentUrl\":\"https:\\\/\\\/secureservercdn.net\\\/104.238.71.33\\\/ozn.551.myftpupload.com\\\/wp-content\\\/uploads\\\/2020\\\/12\\\/cropped-logo-only-3-e1608851320292.png?time=1634659839\",\"width\":512,\"height\":512,\"caption\":\"Soci\u00e9t\u00e9 Professionnelle Martin Gauthier Professional Corporation\"},\"image\":{\"@id\":\"https:\\\/\\\/spmgpc.ca\\\/#\\\/schema\\\/logo\\\/image\\\/\"}}]}<\/script>\n<!-- \/ Yoast SEO plugin. -->","yoast_head_json":{"title":"Accueil - Soci\u00e9t\u00e9 Professionnelle Martin Gauthier","robots":{"index":"index","follow":"follow","max-snippet":"max-snippet:-1","max-image-preview":"max-image-preview:large","max-video-preview":"max-video-preview:-1"},"canonical":"https:\/\/spmgpc.ca\/en\/","og_locale":"en_US","og_type":"article","og_title":"Accueil - Soci\u00e9t\u00e9 Professionnelle Martin Gauthier","og_description":"Nous offrons une vari\u00e9t\u00e9 de services tels que la comptabilit\u00e9 financi\u00e8re, la fiscalit\u00e9, le service-conseil et la tenue de livre. Nous voulons vous offrir un service adapt\u00e9 \u00e0 vos besoins. Nous desservons principalement la communaut\u00e9 d\u2019Alexandria et de l\u2019Est ontarien. Nos outils en ligne s\u00e9curis\u00e9s facilitent la communication et la transmission d\u2019informations. En comptant sur plus d\u2019une quinzaine d\u2019ann\u00e9es d\u2019exp\u00e9rience [&hellip;]","og_url":"https:\/\/spmgpc.ca\/en\/","og_site_name":"Soci\u00e9t\u00e9 Professionnelle Martin Gauthier","article_modified_time":"2023-09-26T14:37:25+00:00","og_image":[{"url":"https:\/\/spmgpc.ca\/wp-content\/uploads\/2020\/12\/pexels-irina-iriser-1435571-scaled.jpg","type":"","width":"","height":""}],"twitter_card":"summary_large_image","twitter_misc":{"Est. reading time":"1 minute"},"schema":{"@context":"https:\/\/schema.org","@graph":[{"@type":"WebPage","@id":"https:\/\/spmgpc.ca\/","url":"https:\/\/spmgpc.ca\/","name":"Accueil - Soci\u00e9t\u00e9 Professionnelle Martin Gauthier","isPartOf":{"@id":"https:\/\/spmgpc.ca\/#website"},"primaryImageOfPage":{"@id":"https:\/\/spmgpc.ca\/#primaryimage"},"image":{"@id":"https:\/\/spmgpc.ca\/#primaryimage"},"thumbnailUrl":"https:\/\/spmgpc.ca\/wp-content\/uploads\/2020\/12\/pexels-irina-iriser-1435571-scaled.jpg","datePublished":"2020-12-08T19:14:26+00:00","dateModified":"2023-09-26T14:37:25+00:00","breadcrumb":{"@id":"https:\/\/spmgpc.ca\/#breadcrumb"},"inLanguage":"en-CA","potentialAction":[{"@type":"ReadAction","target":["https:\/\/spmgpc.ca\/"]}]},{"@type":"ImageObject","inLanguage":"en-CA","@id":"https:\/\/spmgpc.ca\/#primaryimage","url":"https:\/\/spmgpc.ca\/wp-content\/uploads\/2020\/12\/pexels-irina-iriser-1435571-scaled.jpg","contentUrl":"https:\/\/spmgpc.ca\/wp-content\/uploads\/2020\/12\/pexels-irina-iriser-1435571-scaled.jpg"},{"@type":"BreadcrumbList","@id":"https:\/\/spmgpc.ca\/#breadcrumb","itemListElement":[{"@type":"ListItem","position":1,"name":"Home","item":"https:\/\/spmgpc.ca\/"},{"@type":"ListItem","position":2,"name":"Accueil"}]},{"@type":"WebSite","@id":"https:\/\/spmgpc.ca\/#website","url":"https:\/\/spmgpc.ca\/","name":"Martin Gauthier Professional Corporation","description":"","publisher":{"@id":"https:\/\/spmgpc.ca\/#organization"},"potentialAction":[{"@type":"SearchAction","target":{"@type":"EntryPoint","urlTemplate":"https:\/\/spmgpc.ca\/?s={search_term_string}"},"query-input":{"@type":"PropertyValueSpecification","valueRequired":true,"valueName":"search_term_string"}}],"inLanguage":"en-CA"},{"@type":"Organization","@id":"https:\/\/spmgpc.ca\/#organization","name":"Soci\u00e9t\u00e9 Professionnelle Martin Gauthier Professional Corporation","url":"https:\/\/spmgpc.ca\/","logo":{"@type":"ImageObject","inLanguage":"en-CA","@id":"https:\/\/spmgpc.ca\/#\/schema\/logo\/image\/","url":"https:\/\/secureservercdn.net\/104.238.71.33\/ozn.551.myftpupload.com\/wp-content\/uploads\/2020\/12\/cropped-logo-only-3-e1608851320292.png?time=1634659839","contentUrl":"https:\/\/secureservercdn.net\/104.238.71.33\/ozn.551.myftpupload.com\/wp-content\/uploads\/2020\/12\/cropped-logo-only-3-e1608851320292.png?time=1634659839","width":512,"height":512,"caption":"Soci\u00e9t\u00e9 Professionnelle Martin Gauthier Professional Corporation"},"image":{"@id":"https:\/\/spmgpc.ca\/#\/schema\/logo\/image\/"}}]}},"_links":{"self":[{"href":"https:\/\/spmgpc.ca\/en\/wp-json\/wp\/v2\/pages\/10","targetHints":{"allow":["GET"]}}],"collection":[{"href":"https:\/\/spmgpc.ca\/en\/wp-json\/wp\/v2\/pages"}],"about":[{"href":"https:\/\/spmgpc.ca\/en\/wp-json\/wp\/v2\/types\/page"}],"author":[{"embeddable":true,"href":"https:\/\/spmgpc.ca\/en\/wp-json\/wp\/v2\/users\/1"}],"replies":[{"embeddable":true,"href":"https:\/\/spmgpc.ca\/en\/wp-json\/wp\/v2\/comments?post=10"}],"version-history":[{"count":94,"href":"https:\/\/spmgpc.ca\/en\/wp-json\/wp\/v2\/pages\/10\/revisions"}],"predecessor-version":[{"id":284,"href":"https:\/\/spmgpc.ca\/en\/wp-json\/wp\/v2\/pages\/10\/revisions\/284"}],"wp:attachment":[{"href":"https:\/\/spmgpc.ca\/en\/wp-json\/wp\/v2\/media?parent=10"}],"curies":[{"name":"wp","href":"https:\/\/api.w.org\/{rel}","templated":true}]}}